{"id":147,"date":"2025-03-18T12:00:20","date_gmt":"2025-03-18T12:00:20","guid":{"rendered":"https:\/\/praktijk-atrium.be\/index.php\/home-francais\/"},"modified":"2025-04-17T13:43:39","modified_gmt":"2025-04-17T13:43:39","slug":"home-francais","status":"publish","type":"page","link":"https:\/\/praktijk-atrium.be\/index.php\/fr\/home-francais\/","title":{"rendered":"Home &#8211; Fran\u00e7ais"},"content":{"rendered":"<section class=\"bde-section-147-118 bde-section\">\n              \n  \n  \n\t\n\n  <div class=\"section-background-overlay\"><\/div>\n\n\n<div class=\"section-container\"><div class=\"bde-grid-147-119 bde-grid\">\n  \n  \n\t\n\n\n\n<div class=\"bde-div-147-120 bde-div\">\n  \n  \n\t\n\n\n\n<div class=\"bde-div-147-121 bde-div\">\n  \n  \n\t\n\n\n\n<h2 class=\"bde-heading-147-122 bde-heading\">\nEnfants\n<\/h2><div class=\"bde-div-147-123 bde-div\">\n  \n  \n\t\n\n\n\n<div class=\"bde-text-147-124 bde-text\">\nUn espace s\u00fbr pour explorer et accueillir les sentiments et les pens\u00e9es \u00e0 travers le jeu.\n<\/div><div class=\"bde-icon-147-125 bde-icon\">\n\n    \n                    \n            \n            \n\n    \n    \n    \n    \n    \n    <a class=\"breakdance-link bde-icon-icon breakdance-icon-atom\" href=\"https:\/\/praktijk-atrium.be\/index.php\/fr\/enfants\" target=\"_self\" data-type=\"url\"  >\n\n    \n                    <svg xmlns=\"http:\/\/www.w3.org\/2000\/svg\" id=\"icon-arrow-up-right2\" viewBox=\"0 0 32 32\">\n<path d=\"M7.414 27.414l16.586-16.586v7.172c0 1.105 0.895 2 2 2s2-0.895 2-2v-12c0-0.809-0.487-1.538-1.235-1.848-0.248-0.103-0.508-0.151-0.765-0.151v-0.001h-12c-1.105 0-2 0.895-2 2s0.895 2 2 2h7.172l-16.586 16.586c-0.391 0.39-0.586 0.902-0.586 1.414s0.195 1.024 0.586 1.414c0.781 0.781 2.047 0.781 2.828 0z\"\/>\n<\/svg>\n        \n        \n        \n                <\/a>\n\n    \n\n\n<\/div>\n<\/div>\n<\/div><div class=\"bde-div-147-126 bde-div\">\n  \n  \n\t\n\n\n\n<h2 class=\"bde-heading-147-127 bde-heading\">\nJeunes et adultes\n<\/h2><div class=\"bde-div-147-128 bde-div\">\n  \n  \n\t\n\n\n\n<div class=\"bde-text-147-129 bde-text\">\nUn accompagnement singulier, attentif \u00e0 votre histoire et \u00e0 vos questions. Aucun protocole standard : la dur\u00e9e et le rythme des s\u00e9ances se d\u00e9finissent ensemble.\n<\/div><div class=\"bde-icon-147-130 bde-icon\">\n\n    \n                    \n            \n            \n\n    \n    \n    \n    \n    \n    <a class=\"breakdance-link bde-icon-icon breakdance-icon-atom\" href=\"https:\/\/praktijk-atrium.be\/index.php\/fr\/jeunes-et-adultes\" target=\"_self\" data-type=\"url\"  >\n\n    \n                    <svg xmlns=\"http:\/\/www.w3.org\/2000\/svg\" id=\"icon-arrow-up-right2\" viewBox=\"0 0 32 32\">\n<path d=\"M7.414 27.414l16.586-16.586v7.172c0 1.105 0.895 2 2 2s2-0.895 2-2v-12c0-0.809-0.487-1.538-1.235-1.848-0.248-0.103-0.508-0.151-0.765-0.151v-0.001h-12c-1.105 0-2 0.895-2 2s0.895 2 2 2h7.172l-16.586 16.586c-0.391 0.39-0.586 0.902-0.586 1.414s0.195 1.024 0.586 1.414c0.781 0.781 2.047 0.781 2.828 0z\"\/>\n<\/svg>\n        \n        \n        \n                <\/a>\n\n    \n\n\n<\/div>\n<\/div>\n<\/div>\n<\/div><div class=\"bde-div-147-131 bde-div\">\n  \n  \n\t\n\n\n\n<div class=\"bde-div-147-132 bde-div\">\n  \n  \n\t\n\n\n\n<div class=\"bde-grid-147-133 bde-grid\">\n  \n  \n\t\n\n\n\n<div class=\"bde-image-147-134 bde-image\">\n<figure class=\"breakdance-image breakdance-image--132\">\n\t<div class=\"breakdance-image-container\">\n\t\t<div class=\"breakdance-image-clip\"><img loading=\"lazy\" decoding=\"async\" class=\"breakdance-image-object\" src=\"https:\/\/praktijk-atrium.be\/wp-content\/uploads\/2025\/02\/Capture-decran-2025-02-05-a-21.00.14.png\" width=\"768\" height=\"524\" srcset=\"https:\/\/praktijk-atrium.be\/wp-content\/uploads\/2025\/02\/Capture-decran-2025-02-05-a-21.00.14.png 768w, https:\/\/praktijk-atrium.be\/wp-content\/uploads\/2025\/02\/Capture-decran-2025-02-05-a-21.00.14-300x205.png 300w\" sizes=\"auto, (max-width: 768px) 100vw, 768px\"><\/div>\n\t<\/div><\/figure>\n\n<\/div><div class=\"bde-image-147-135 bde-image\">\n<figure class=\"breakdance-image breakdance-image--131\">\n\t<div class=\"breakdance-image-container\">\n\t\t<div class=\"breakdance-image-clip\"><img loading=\"lazy\" decoding=\"async\" class=\"breakdance-image-object\" src=\"https:\/\/praktijk-atrium.be\/wp-content\/uploads\/2025\/02\/IMG_2392-scaled.jpeg\" width=\"1920\" height=\"2560\" srcset=\"https:\/\/praktijk-atrium.be\/wp-content\/uploads\/2025\/02\/IMG_2392-scaled.jpeg 1920w, https:\/\/praktijk-atrium.be\/wp-content\/uploads\/2025\/02\/IMG_2392-225x300.jpeg 225w, https:\/\/praktijk-atrium.be\/wp-content\/uploads\/2025\/02\/IMG_2392-768x1024.jpeg 768w, https:\/\/praktijk-atrium.be\/wp-content\/uploads\/2025\/02\/IMG_2392-1152x1536.jpeg 1152w, https:\/\/praktijk-atrium.be\/wp-content\/uploads\/2025\/02\/IMG_2392-1536x2048.jpeg 1536w\" sizes=\"auto, (max-width: 1920px) 100vw, 1920px\"><\/div>\n\t<\/div><\/figure>\n\n<\/div>\n<\/div>\n<\/div><div class=\"bde-text-147-136 bde-text\">\nLes consultations peuvent avoir lieu en fran\u00e7ais ou en n\u00e9erlandais.\n<\/div>\n<\/div>\n<\/div><\/div>\n<\/section><section class=\"bde-section-147-137 bde-section\">\n  \n  \n\t\n\n\n\n<div class=\"section-container\"><div class=\"bde-div-147-138 bde-div\">\n  \n  \n\t\n\n\n\n<h2 class=\"bde-heading-147-139 bde-heading\">\nRencontrez Charlotte\n<\/h2><div class=\"bde-text-147-140 bde-text\">\nPsychologue agr\u00e9\u00e9e (n\u00b0344061), dipl\u00f4m\u00e9e en psychologie clinique (UGent) et en \u00e9ducation, je m\u2019oriente depuis 2010 vers la psychanalyse lacanienne. Ce chemin se nourrit de ma propre analyse, de supervisions r\u00e9guli\u00e8res, ainsi que d\u2019un travail continu dans des espaces de r\u00e9flexion clinique.\n<\/div>\n<\/div><div class=\"bde-columns-147-141 bde-columns\"><div class=\"bde-column-147-142 bde-column\">\n  \n  \n\t\n\n\n\n<img decoding=\"async\" class=\"bde-image2-147-143 bde-image2\" src=\"https:\/\/praktijk-atrium.be\/wp-content\/uploads\/2025\/02\/jon-tyson-Jj0kekcXil0-unsplash-scaled.jpg\" alt=\"Psycholoog kinderen Plein Kortrijk\" loading=\"lazy\" srcset=\"https:\/\/praktijk-atrium.be\/wp-content\/uploads\/2025\/02\/jon-tyson-Jj0kekcXil0-unsplash-scaled.jpg 1840w, https:\/\/praktijk-atrium.be\/wp-content\/uploads\/2025\/02\/jon-tyson-Jj0kekcXil0-unsplash-216x300.jpg 216w, https:\/\/praktijk-atrium.be\/wp-content\/uploads\/2025\/02\/jon-tyson-Jj0kekcXil0-unsplash-736x1024.jpg 736w, https:\/\/praktijk-atrium.be\/wp-content\/uploads\/2025\/02\/jon-tyson-Jj0kekcXil0-unsplash-768x1069.jpg 768w, https:\/\/praktijk-atrium.be\/wp-content\/uploads\/2025\/02\/jon-tyson-Jj0kekcXil0-unsplash-1104x1536.jpg 1104w, https:\/\/praktijk-atrium.be\/wp-content\/uploads\/2025\/02\/jon-tyson-Jj0kekcXil0-unsplash-1472x2048.jpg 1472w\" sizes=\"(max-width: 1840px) 100vw, 1840px\">\n<\/div><div class=\"bde-column-147-144 bde-column\">\n  \n  \n\t\n\n\n\n<h2 class=\"bde-heading-147-145 bde-heading\">\nabout architect design\n<\/h2><div class=\"bde-text-147-146 bde-text\">\nJ\u2019ai travaill\u00e9 10 ans \u00e0 l\u2019Antenne110, institution pour enfants autistes et \u00e0 probl\u00e8mes complexes. Depuis 2011, je suis active \u00e0 l'asbl La Soucoupe. Depuis 2022, je travaille au Multipraktijk 't Ketje \u00e0 Molenbeek, o\u00f9 j'accompagne des jeunes enfants, des adolescents et des adultes.<br><br>De plus, j'ai travaill\u00e9 dans divers postes tant dans l'\u00e9ducation que dans l'accompagnement des \u00e9tudiants et des enseignants.\n<\/div><div class=\"bde-button-147-147 bde-button\">\n    \n                                    \n    \n    \n    \n    \n            \n                    \n            \n            \n\n    \n    \n    \n    \n    \n    <a class=\"breakdance-link button-atom button-atom--secondary bde-button__button\" href=\"https:\/\/praktijk-atrium.be\/index.php\/fr\/competences\" target=\"_self\" data-type=\"url\"  >\n\n    \n        <span class=\"button-atom__text\">mon expertise<\/span>\n\n        \n        \n                <\/a>\n\n    \n\n\n<\/div>\n<\/div><\/div><\/div>\n<\/section><section id=\"le_centre\" class=\"bde-section-147-148 bde-section\">\n  \n  \n\t\n\n\n\n<div class=\"section-container\"><div class=\"bde-columns-147-149 bde-columns\"><div class=\"bde-column-147-150 bde-column\">\n  \n  \n\t\n\n\n\n<div class=\"bde-rich-text-147-151 bde-rich-text breakdance-rich-text-styles\">\n<h3>Accompagnement personnalis\u00e9<\/h3>\n<p>Au cabinet Atrium, pas de suivi standard, mais une approche personnelle adapt\u00e9e \u00e0 votre histoire. Dans un cadre s\u00e9curisant et accueillant, vous disposerez de l\u2019espace pour approfondir votre compr\u00e9hension, remettre en question les m\u00e9canismes \u00e9tablis et explorer de nouvelles perspectives.<\/p>\n<p>La th\u00e9rapie peut \u00eatre dispens\u00e9e en n\u00e9erlandais ou en fran\u00e7ais. La dur\u00e9e et la fr\u00e9quence des s\u00e9ances seront discut\u00e9es lors de la premi\u00e8re rencontre.\u00a0<\/p>\n<\/div>\n<\/div><div class=\"bde-column-147-152 bde-column\">\n  \n  \n\t\n\n\n\n<div class=\"bde-image-147-153 bde-image\">\n<figure class=\"breakdance-image breakdance-image--114\">\n\t<div class=\"breakdance-image-container\">\n\t\t<div class=\"breakdance-image-clip\"><img loading=\"lazy\" decoding=\"async\" class=\"breakdance-image-object\" src=\"https:\/\/praktijk-atrium.be\/wp-content\/uploads\/2025\/02\/breinstorm02-scaled-1.jpg\" width=\"1707\" height=\"2560\" srcset=\"https:\/\/praktijk-atrium.be\/wp-content\/uploads\/2025\/02\/breinstorm02-scaled-1.jpg 1707w, https:\/\/praktijk-atrium.be\/wp-content\/uploads\/2025\/02\/breinstorm02-scaled-1-200x300.jpg 200w, https:\/\/praktijk-atrium.be\/wp-content\/uploads\/2025\/02\/breinstorm02-scaled-1-683x1024.jpg 683w, https:\/\/praktijk-atrium.be\/wp-content\/uploads\/2025\/02\/breinstorm02-scaled-1-768x1152.jpg 768w, https:\/\/praktijk-atrium.be\/wp-content\/uploads\/2025\/02\/breinstorm02-scaled-1-1024x1536.jpg 1024w, https:\/\/praktijk-atrium.be\/wp-content\/uploads\/2025\/02\/breinstorm02-scaled-1-1366x2048.jpg 1366w\" sizes=\"auto, (max-width: 1707px) 100vw, 1707px\"><\/div>\n\t<\/div><figcaption class=\"breakdance-image__caption\">Breinstorm - Mie Bogaerts<br>https:\/\/mie-art.be<\/figcaption><\/figure>\n\n<\/div>\n<\/div><div class=\"bde-column-147-154 bde-column\">\n  \n  \n\t\n\n\n\n<div class=\"bde-rich-text-147-155 bde-rich-text breakdance-rich-text-styles\">\n<h3>Situ\u00e9 en plein centre<\/h3>\n<p>Cabinet Atrium est situ\u00e9 au Plein en plein c\u0153ur de Courtrai, un endroit facilement accessible \u00e0 pied ou \u00e0 v\u00e9lo et situ\u00e9 \u00e0 900 m\u00e8tres de la gare.<\/p>\n<p>Stationnement possible :<\/p>\n<ul>\n<li>30 minutes gratuites devant la porte<\/li>\n<li>1 heure gratuite sous le \"Veemarkt\"<\/li>\n<\/ul>\n<\/div><div class=\"bde-button-147-156 bde-button\">\n    \n                                    \n    \n    \n    \n    \n            \n                    \n            \n            \n\n    \n    \n    \n    \n    \n    <a class=\"breakdance-link button-atom button-atom--primary bde-button__button\" href=\"https:\/\/praktijk-atrium.be\/index.php\/fr\/contactez-nous\/\" target=\"_self\" data-type=\"url\"  >\n\n    \n        <span class=\"button-atom__text\">Contactez-nous<\/span>\n\n        \n        \n                <\/a>\n\n    \n\n\n<\/div>\n<\/div><\/div><\/div>\n<\/section>","protected":false},"excerpt":{"rendered":"<p>Enfants Un espace s\u00fbr pour explorer et accueillir les sentiments et les pens\u00e9es \u00e0 travers le jeu. Jeunes et adultes Un accompagnement singulier, attentif \u00e0 votre histoire et \u00e0 vos questions. Aucun protocole standard : la dur\u00e9e et le rythme des s\u00e9ances se d\u00e9finissent ensemble. Les consultations peuvent avoir lieu en fran\u00e7ais ou en n\u00e9erlandais. [&hellip;]<\/p>\n","protected":false},"author":1,"featured_media":0,"parent":0,"menu_order":0,"comment_status":"closed","ping_status":"closed","template":"","meta":{"_breakdance_hide_in_design_set":false,"_breakdance_tags":"","footnotes":""},"class_list":["post-147","page","type-page","status-publish","hentry"],"yoast_head":"<!-- This site is optimized with the Yoast SEO plugin v24.9 - https:\/\/yoast.com\/wordpress\/plugins\/seo\/ -->\n<title>Home - Fran\u00e7ais - Praktijk Atrium<\/title>\n<meta name=\"robots\" content=\"index, follow, max-snippet:-1, max-image-preview:large, max-video-preview:-1\" \/>\n<link rel=\"canonical\" href=\"https:\/\/praktijk-atrium.be\/index.php\/fr\/home-francais\/\" \/>\n<meta property=\"og:locale\" content=\"nl_BE\" \/>\n<meta property=\"og:type\" content=\"article\" \/>\n<meta property=\"og:title\" content=\"Home - Fran\u00e7ais - Praktijk Atrium\" \/>\n<meta property=\"og:description\" content=\"Enfants Un espace s\u00fbr pour explorer et accueillir les sentiments et les pens\u00e9es \u00e0 travers le jeu. Jeunes et adultes Un accompagnement singulier, attentif \u00e0 votre histoire et \u00e0 vos questions. Aucun protocole standard : la dur\u00e9e et le rythme des s\u00e9ances se d\u00e9finissent ensemble. Les consultations peuvent avoir lieu en fran\u00e7ais ou en n\u00e9erlandais. [&hellip;]\" \/>\n<meta property=\"og:url\" content=\"https:\/\/praktijk-atrium.be\/index.php\/fr\/home-francais\/\" \/>\n<meta property=\"og:site_name\" content=\"Praktijk Atrium\" \/>\n<meta property=\"article:modified_time\" content=\"2025-04-17T13:43:39+00:00\" \/>\n<meta name=\"twitter:card\" content=\"summary_large_image\" \/>\n<meta name=\"twitter:label1\" content=\"Geschatte leestijd\" \/>\n\t<meta name=\"twitter:data1\" content=\"3 minuten\" \/>\n<script type=\"application\/ld+json\" class=\"yoast-schema-graph\">{\"@context\":\"https:\/\/schema.org\",\"@graph\":[{\"@type\":\"WebPage\",\"@id\":\"https:\/\/praktijk-atrium.be\/index.php\/fr\/home-francais\/\",\"url\":\"https:\/\/praktijk-atrium.be\/index.php\/fr\/home-francais\/\",\"name\":\"Home - Fran\u00e7ais - Praktijk Atrium\",\"isPartOf\":{\"@id\":\"https:\/\/praktijk-atrium.be\/#website\"},\"datePublished\":\"2025-03-18T12:00:20+00:00\",\"dateModified\":\"2025-04-17T13:43:39+00:00\",\"breadcrumb\":{\"@id\":\"https:\/\/praktijk-atrium.be\/index.php\/fr\/home-francais\/#breadcrumb\"},\"inLanguage\":\"nl-BE\",\"potentialAction\":[{\"@type\":\"ReadAction\",\"target\":[\"https:\/\/praktijk-atrium.be\/index.php\/fr\/home-francais\/\"]}]},{\"@type\":\"BreadcrumbList\",\"@id\":\"https:\/\/praktijk-atrium.be\/index.php\/fr\/home-francais\/#breadcrumb\",\"itemListElement\":[{\"@type\":\"ListItem\",\"position\":1,\"name\":\"Home\",\"item\":\"https:\/\/praktijk-atrium.be\/\"},{\"@type\":\"ListItem\",\"position\":2,\"name\":\"Home &#8211; Fran\u00e7ais\"}]},{\"@type\":\"WebSite\",\"@id\":\"https:\/\/praktijk-atrium.be\/#website\",\"url\":\"https:\/\/praktijk-atrium.be\/\",\"name\":\"Praktijk Atrium\",\"description\":\"Psychologische begeleiding\",\"potentialAction\":[{\"@type\":\"SearchAction\",\"target\":{\"@type\":\"EntryPoint\",\"urlTemplate\":\"https:\/\/praktijk-atrium.be\/?s={search_term_string}\"},\"query-input\":{\"@type\":\"PropertyValueSpecification\",\"valueRequired\":true,\"valueName\":\"search_term_string\"}}],\"inLanguage\":\"nl-BE\"}]}<\/script>\n<!-- \/ Yoast SEO plugin. -->","yoast_head_json":{"title":"Home - Fran\u00e7ais - Praktijk Atrium","robots":{"index":"index","follow":"follow","max-snippet":"max-snippet:-1","max-image-preview":"max-image-preview:large","max-video-preview":"max-video-preview:-1"},"canonical":"https:\/\/praktijk-atrium.be\/index.php\/fr\/home-francais\/","og_locale":"nl_BE","og_type":"article","og_title":"Home - Fran\u00e7ais - Praktijk Atrium","og_description":"Enfants Un espace s\u00fbr pour explorer et accueillir les sentiments et les pens\u00e9es \u00e0 travers le jeu. Jeunes et adultes Un accompagnement singulier, attentif \u00e0 votre histoire et \u00e0 vos questions. Aucun protocole standard : la dur\u00e9e et le rythme des s\u00e9ances se d\u00e9finissent ensemble. Les consultations peuvent avoir lieu en fran\u00e7ais ou en n\u00e9erlandais. [&hellip;]","og_url":"https:\/\/praktijk-atrium.be\/index.php\/fr\/home-francais\/","og_site_name":"Praktijk Atrium","article_modified_time":"2025-04-17T13:43:39+00:00","twitter_card":"summary_large_image","twitter_misc":{"Geschatte leestijd":"3 minuten"},"schema":{"@context":"https:\/\/schema.org","@graph":[{"@type":"WebPage","@id":"https:\/\/praktijk-atrium.be\/index.php\/fr\/home-francais\/","url":"https:\/\/praktijk-atrium.be\/index.php\/fr\/home-francais\/","name":"Home - Fran\u00e7ais - Praktijk Atrium","isPartOf":{"@id":"https:\/\/praktijk-atrium.be\/#website"},"datePublished":"2025-03-18T12:00:20+00:00","dateModified":"2025-04-17T13:43:39+00:00","breadcrumb":{"@id":"https:\/\/praktijk-atrium.be\/index.php\/fr\/home-francais\/#breadcrumb"},"inLanguage":"nl-BE","potentialAction":[{"@type":"ReadAction","target":["https:\/\/praktijk-atrium.be\/index.php\/fr\/home-francais\/"]}]},{"@type":"BreadcrumbList","@id":"https:\/\/praktijk-atrium.be\/index.php\/fr\/home-francais\/#breadcrumb","itemListElement":[{"@type":"ListItem","position":1,"name":"Home","item":"https:\/\/praktijk-atrium.be\/"},{"@type":"ListItem","position":2,"name":"Home &#8211; Fran\u00e7ais"}]},{"@type":"WebSite","@id":"https:\/\/praktijk-atrium.be\/#website","url":"https:\/\/praktijk-atrium.be\/","name":"Praktijk Atrium","description":"Psychologische begeleiding","potentialAction":[{"@type":"SearchAction","target":{"@type":"EntryPoint","urlTemplate":"https:\/\/praktijk-atrium.be\/?s={search_term_string}"},"query-input":{"@type":"PropertyValueSpecification","valueRequired":true,"valueName":"search_term_string"}}],"inLanguage":"nl-BE"}]}},"_links":{"self":[{"href":"https:\/\/praktijk-atrium.be\/index.php\/wp-json\/wp\/v2\/pages\/147","targetHints":{"allow":["GET"]}}],"collection":[{"href":"https:\/\/praktijk-atrium.be\/index.php\/wp-json\/wp\/v2\/pages"}],"about":[{"href":"https:\/\/praktijk-atrium.be\/index.php\/wp-json\/wp\/v2\/types\/page"}],"author":[{"embeddable":true,"href":"https:\/\/praktijk-atrium.be\/index.php\/wp-json\/wp\/v2\/users\/1"}],"replies":[{"embeddable":true,"href":"https:\/\/praktijk-atrium.be\/index.php\/wp-json\/wp\/v2\/comments?post=147"}],"version-history":[{"count":13,"href":"https:\/\/praktijk-atrium.be\/index.php\/wp-json\/wp\/v2\/pages\/147\/revisions"}],"predecessor-version":[{"id":298,"href":"https:\/\/praktijk-atrium.be\/index.php\/wp-json\/wp\/v2\/pages\/147\/revisions\/298"}],"wp:attachment":[{"href":"https:\/\/praktijk-atrium.be\/index.php\/wp-json\/wp\/v2\/media?parent=147"}],"curies":[{"name":"wp","href":"https:\/\/api.w.org\/{rel}","templated":true}]}}